{"id":5370,"date":"2023-02-23T09:31:31","date_gmt":"2023-02-23T09:31:31","guid":{"rendered":"https:\/\/housekastri.net\/hyres-och-bokningsvillkor-integritetspolicy\/"},"modified":"2025-08-19T12:54:57","modified_gmt":"2025-08-19T12:54:57","slug":"hyres-och-bokningsvillkor-integritetspolicy","status":"publish","type":"page","link":"https:\/\/housekastri.net\/sv\/hyres-och-bokningsvillkor-integritetspolicy\/","title":{"rendered":"Hyres- och bokningsvillkor, integritetspolicy"},"content":{"rendered":"\n<p>V\u00e4lkommen till House Kastri<br\/>Dessa boknings- och hyresvillkor g\u00e4ller f\u00f6r de l\u00e4genheter och kurs- och utbildningslokaler som hyrs av House Kastri.<\/p>\n\n<h4 class=\"wp-block-heading\">KONTAKT<\/h4>\n\n<p>e-mail: info@housekastri.net<br\/>Tel: +358405003489<br\/>Postaddress: Henrik Borgstr\u00f6min tie 5 F 50, 00840 Helsinki<\/p>\n\n<h4 class=\"wp-block-heading\">BOKA EN L\u00c4GENHET<\/h4>\n\n<p>Den l\u00e4genhet som ska bokas v\u00e4ljs p\u00e5 webbplatsen genom att l\u00e4gga den<br\/>i din kundvagn. Bokningen bekr\u00e4ftas genom att betala f\u00f6r inneh\u00e5llet i kundvagnen<br\/>i kassafunktionen i onlinebutiken. Genom att bekr\u00e4fta en bokning godk\u00e4nner du f\u00f6ljande<br\/>bokningsvillkor och priset f\u00f6r uthyrningen. Om<br\/>en e-postadress anges vid bokningstillf\u00e4llet kommer ett bekr\u00e4ftelsemeddelande att skickas<br\/>med e-post. Bokningsbekr\u00e4ftelsen kommer att visa<br\/>den bokade l\u00e4genheten och priset.<\/p>\n\n<h4 class=\"wp-block-heading\">BETALNING<\/h4>\n\n<p>Leverant\u00f6ren av e-handelsbetalningar \u00e4r Visma Pay (Visma Payments Oy,<br\/>organisationsnummer 2486559-4), registrerat<br\/>i ett register \u00f6ver betalningsinstitut som f\u00f6rs av finansinspektionen. \u00d6verg\u00e5ng till betalning<br\/>via Visma Pay online-tj\u00e4nst och betalning via kontoutdrag och faktura<br\/>Visma Pay eller Visma Payments Oy anges som mottagare. Visma Pay f\u00f6rmedlar<br\/>\u00f6verf\u00f6ringarna till web-butiken Betalningarna \u00e4r trygga, ty all<br\/>information g\u00e4llande betalningen \u00f6verf\u00f6rs via en krypterad anslutning<br\/>utan att n\u00e5n utomst\u00e5ende har m\u00f6jlighet kan n\u00e5 betalningsdetaljer<br\/>tietoja.<\/p>\n\n<p>Kontraktet best\u00e5r mellan kunden och web-butiken<br\/>Onlinebutiken ansvarar f\u00f6r alla skyldigheter i samband med transaktionen.<\/p>\n\n<p>L\u00e4s mer om Visma Pay: https:\/\/www.visma.fi\/vismapay\/<\/p>\n\n<h4 class=\"wp-block-heading\">AVGIFTER<\/h4>\n\n<p>Genom Visma Pay kan du betala med dina inloggningsuppgifter till internetbanken,<br\/>med pl\u00e5nbok, betalkort (kredit\/debet), faktura eller delbetalning.<br\/>F\u00f6ljande betalningsmetoder \u00e4r tillg\u00e4ngliga: Osuuspankki, Nordea,<br\/>Danske Bank, Oma S\u00e4\u00e4st\u00f6pankki, S\u00e4\u00e4st\u00f6pankki, Aktia,<br\/>Paikallisosuuspankit, S-Pankki, Handelsbanken, \u00c5landsbanken,<br\/>MobilePay, Masterpass, Pivo, Visa-, Visa Debit-, Visa Electron-,<br\/>MasterCard- och Debit MasterCard-kort, samt Flexusto, Fellow Invoice och<br\/>Faktura f\u00f6r f\u00f6retagskollegor.<\/p>\n\n<p>MobilePay: Du kan betala med din MobilePay-pl\u00e5nbok om du har godk\u00e4nt<br\/>inst\u00e4llningarna i din betalningsapplikation online.<br\/>Betalningar som g\u00f6rs med MobilePay debiteras fr\u00e5n ditt kort<br\/>ansluten i din pl\u00e5nbok. Om debiteringen fr\u00e5n ditt kort misslyckas,<br\/>\u00e4r betalningen med MobilePay inte m\u00f6jlig<br\/>i webbutiken<\/p>\n\n<p>Pivo: Anv\u00e4ndarvillkoren finns tillg\u00e4ngliga p\u00e5 Pivos webbplats:<br\/>https:\/\/pivo.fi\/kayttoehdot\/pivon-kayttoehdot\/<\/p>\n\n<p>Flexibel faktura- och avbetalningsfacilitet \u00e4r en inhemsk tj\u00e4nst som g\u00f6r att du kan g\u00f6ra dina ink\u00f6p<br\/>snabbt och s\u00e4kert. Flexibiliteten \u00e4r avsedd f\u00f6r enskilda personer,<br\/>som har sk\u00f6tt sin ekonomi p\u00e5 ett bra s\u00e4tt. Flexibilitet ger dig 30<br\/>24 dagar r\u00e4ntefritt och kostnadsfritt. N\u00e4r du har f\u00e5tt fakturan kan du<br\/>best\u00e4mma om du vill betala hela beloppet eller dela upp det i delbetalningar. Du kan betala genom avbetalning<br\/>dina ink\u00f6p i upp till 36 delbetalningar, fr\u00e5n 9,90 EUR\/m\u00e5nad. Flexibilitet i delbetalningen<br\/>kostar 3,90 EUR\/m\u00e5nad och har en kreditr\u00e4nta p\u00e5 19,90 %. Du kan betala<br\/>Med flexibilitet f\u00f6r ink\u00f6p p\u00e5 30-3000 euro. L\u00e5ngivaren \u00e4r<br\/>Aurajoki Nordic Oy. L\u00e4s mer om Flexibilitet p\u00e5 www.jousto.com.<\/p>\n\n<p>OP-faktura &#8211; Ett smidigt s\u00e4tt att betala f\u00f6r ink\u00f6p p\u00e5 n\u00e4tet till kunder<br\/>i alla banker Med OP Faktura kan du g\u00f6ra betalningar p\u00e5 upp till 5 000 euro.<br\/>ink\u00f6p och betala av dem r\u00e4ntefritt inom 45 dagar.<br\/>Om du vill kan du dela upp fakturan i flera delbetalningar. Dina ink\u00f6p<br\/>visas p\u00e5 ett st\u00e4lle, s\u00e5 att du enkelt kan h\u00e5lla reda p\u00e5<br\/>anv\u00e4ndning av dina pengar. Med en kreditgr\u00e4ns kan du h\u00e5lla din konsumption<br\/>inom \u00f6nskade gr\u00e4nser. Du f\u00e5r dina fakturor bekv\u00e4mt via e-post. P\u00e5 v\u00e5r webbplats<br\/>kan du se information om hur mycket du anv\u00e4nder OP-r\u00e4kningen och hur mycket du har k\u00f6pt.<br\/>Du kan anv\u00e4nda OP Bill om du \u00e4r \u00f6ver 20 \u00e5r och har betalningsf\u00f6rm\u00e5ga, och<br\/>Du har dom\u00e4nnamnen f\u00f6r en finsk bank. Mer information om OP-faktura<br\/>kan du finna p\u00e5:<br\/>https:\/\/www.op.fi\/henkiloasiakkaat\/paivittaiset\/maksaminen\/op-lasku.<\/p>\n\n<p>Visma Payments Oy (f\u00f6retags-ID 2486559-4)<br\/>E-post: helpdesk@vismapay.com<br\/>Telefon: 09 315 42 037 (vardagar 8-16)<br\/>Postadress: Brahenkatu 4, 53100 Lappeenranta<\/p>\n\n<h2 class=\"wp-block-heading\">UTHYRNINGSVILLKOR<\/h2>\n\n<h4 class=\"wp-block-heading\">BOKNINGSBEKR\u00c4FTELSE \/ AVTAL<\/h4>\n\n<p>Bokningsbekr\u00e4ftelse \u00e4r ett avtal som bekr\u00e4ftar uthyrningen mellan hyresg\u00e4sten och hyresv\u00e4rden. Avtalet \u00e4r bindande och endast det antal personer som anges i bokningsbekr\u00e4ftelsen kan bo i l\u00e4genheten.<\/p>\n\n<h4 class=\"wp-block-heading\">HUSDJUR<\/h4>\n\n<p>Husdjur \u00e4r inte till\u00e5tna i l\u00e4genheten.<\/p>\n\n<h4 class=\"wp-block-heading\">R\u00d6KNING<\/h4>\n\n<p>R\u00f6kning \u00e4r till\u00e5tet endast utomhus. R\u00f6kning inne i bost\u00e4derna \u00e4r absolut f\u00f6rbjudet. Ifall hyresg\u00e4sten bryter mot r\u00f6kningsf\u00f6rbud enligt hyresvillkoren, \u00e4r han\/hon skyldig att ers\u00e4tta st\u00e4dningskostnader samt skada p\u00e5 m\u00f6bler eller annan l\u00f6sgods f\u00f6rorsakad av tobaksr\u00f6k . Hus\u00e4garen fastst\u00e4ller skadans storlek, som \u00e4r minst 500 euro<\/p>\n\n<p>Om du r\u00f6ker p\u00e5 din balkong eller i din tr\u00e4dg\u00e5rd ska du vara uppm\u00e4rksam p\u00e5 dina grannar. Om du r\u00f6ker, kom ih\u00e5g att \u00f6n \u00e4r mycket torr p\u00e5 sommaren. Cigarretterna stumpas endast p\u00e5 angivna platser. Vi har &#8221;s\u00e4kra&#8221; askkoppar f\u00f6r r\u00f6kare p\u00e5 g\u00e5rdarna och p\u00e5 vissa balkonger, s\u00e5 v\u00e4nligen anv\u00e4nd dem.<\/p>\n\n<h4 class=\"wp-block-heading\">ST\u00c4DNING<\/h4>\n\n<p>L\u00e4genheterna hyrs ut i ett rent och funktionellt skick. Hyresg\u00e4sten m\u00e5ste h\u00e5lla bostaden ren under hyrestiden och l\u00e4mna den i ett skick som motsvarar den normala renh\u00e5llningsniv\u00e5n n\u00e4r den \u00f6verl\u00e5ts. I slutst\u00e4dningen ing\u00e5r inte diskning eller bortforsling av kundens sopor.<\/p>\n\n<p>T\u00f6m kylsk\u00e5pet p\u00e5 l\u00e4ttf\u00f6rd\u00e4rvliga varor n\u00e4r du \u00e5ker &#8211; slutst\u00e4dningen kan ta n\u00e5gra dagar. Av samma anledning b\u00f6r du se till att ingen smutsig disk l\u00e4mnas kvar i diskmaskinen.<\/p>\n\n<h4 class=\"wp-block-heading\">SKADEST\u00c5NDSSKYLDIGHET<\/h4>\n\n<p>Hyresg\u00e4sten \u00e4r ansvarig f\u00f6r alla skador, brott eller f\u00f6rlust av varor och f\u00f6rem\u00e5l som orsakas av honom \/ henne under hyresperioden. Skador m\u00e5ste omedelbart rapporteras till kontaktpersonen. Anm\u00e4lningsskyldigheten g\u00e4ller \u00e4ven skador som inte orsakats av kunden, t.ex. r\u00f6rl\u00e4ckage, fel p\u00e5 el\/utrustning etc. Eventuella skador kommer att repareras s\u00e5 snart som m\u00f6jligt, inom rimlig tid.<\/p>\n\n<h4 class=\"wp-block-heading\">BETALNINGSVILLKOR<\/h4>\n\n<p>Hyran och eventuella till\u00e4ggstj\u00e4nster betalas 28 dagar f\u00f6re ankomst. Om ankomstdatumet \u00e4r kortare betalas hyran omedelbart vid bokningstillf\u00e4llet. I veckohyran ing\u00e5r vatten, el och internet.<\/p>\n\n<h4 class=\"wp-block-heading\">AVBOKNING AV BOKNING<\/h4>\n\n<p>Om bokningen avbokas 27 dagar f\u00f6re hyresperiodens b\u00f6rjan beh\u00e5ller hyresg\u00e4sten h\u00e4lften av hyresbeloppet. Om bokningen avbokas mindre \u00e4n 7 dagar f\u00f6re eller under hyresperioden kommer ingen \u00e5terbetalning att g\u00f6ras.<\/p>\n\n<p>G enom betalning av bokningsavgiften reserverar du bokstavligen l\u00e4genheten. Genom att reservera en l\u00e4genhet kan \u00e4garen inte hyra ut den till en annan person under samma period. Bokningsavgiften \u00e5terbetalas inte.<\/p>\n\n<p>Avbokningar m\u00e5ste alltid g\u00f6ras skriftligen, via e-post till info(at)housekastri.net. Avbest\u00e4llningen anses ha skett vid den tidpunkt d\u00e5 e-postmeddelandet skickas.<\/p>\n\n<p>Uthyraren kommer inte att kompensera f\u00f6r &#8221;Force majeure&#8221;-situationer (avbokning p\u00e5 grund av force majeure) som p\u00e5verkar uthyrningen.<\/p>\n\n<h4 class=\"wp-block-heading\">HYRESV\u00c4RDENS R\u00c4TT ATT AVBOKA BOKNINGEN<\/h4>\n\n<p>I h\u00e4ndelse av force majeure kan bokningen avbokas av uthyraren. S\u00e5dana hinder kan vara en brand, en jordb\u00e4vning eller f\u00f6rs\u00e4ljning av din bostad. Bokningen kan ocks\u00e5 avbokas av hyresv\u00e4rden om hyresvillkoren inte uppfylls eller p\u00e5 grund av obligatoriska reparationer av l\u00e4genheten. Hyresv\u00e4rden har ocks\u00e5 r\u00e4tt att avboka bokningen om det finns n\u00e5gon misstanke om oegentligheter. Om avbokningen g\u00f6rs av hyresv\u00e4rden har kunden r\u00e4tt till full \u00e5terbetalning av det betalda beloppet.<\/p>\n\n<h4 class=\"wp-block-heading\">REKLAMAATIO-OIKEUS<\/h4>\n\n<p>Vid klagom\u00e5l, v\u00e4nligen kontakta oss skriftligen via e-post info(at)housekastri.net. Alla kommentarer eller klagom\u00e5l om webbplatsen m\u00e5ste behandlas omedelbart efter att orsaken till klagom\u00e5let har identifierats. J\u00e4lkeenp\u00e4in tulleita valituksia emme k\u00e4sittele.<\/p>\n\n<h4 class=\"wp-block-heading\">\u00d6VRIGT \/ PRAXIS AVSEENDE UTHYRNING AV L\u00c4GENHETER<\/h4>\n\n<p>Ankomst- och avresetider m\u00e5ste avtalas skriftligen (via e-postbekr\u00e4ftelse) i f\u00f6rv\u00e4g.<\/p>\n\n<p>I slutet av hyresperioden skall l\u00e4genheten, l\u00f6sgods samt omgivningen vara i samma skick som i b\u00f6rjan av hyresperioden<\/p>\n\n<p>F\u00f6r borttappade nycklar debiterar vi alltid 100 EUR. Vi debiterar 30 \u20ac f\u00f6r att \u00f6ppna d\u00f6rrar utanf\u00f6r inpasseringstiderna under dagen (kl. 08.00-20.00) och 50 \u20ac vid andra tidpunkter, plus en eventuell kostnad f\u00f6r l\u00e5ssmed vid behov.<\/p>\n\n<p>I \u00f6vrigt kommer l\u00e4genheterna att ha en l\u00e4genhetsbok med mer detaljerad information om l\u00e4genheten och bostadsr\u00e4ttsf\u00f6reningen, information om n\u00e4romr\u00e5det och alla n\u00f6dnummer.<\/p>\n\n<h4 class=\"wp-block-heading\">REGISTERBESKRIVNING<\/h4>\n\n<p>Registerbeskrivning i enlighet med 10 och 24 \u00a7 i personuppgiftslagen (523\/1999) och EU:s allm\u00e4nna dataskyddsf\u00f6rordning.<\/p>\n\n<p>Styrenhet<br\/>Hj\u00e4lp Trader Team Oy \/ housekastri.net<br\/>Telefon + 358 40 500 34 89<br\/>E-post: info(at)housekastri.net<br\/>Adress: Henrik Borgstr\u00f6ms v\u00e4g 5 F 50, 00840 Helsingfors<\/p>\n\n<p>Registrets namn: Kundregister f\u00f6r House Kastri<\/p>\n\n<h5 class=\"wp-block-heading\">Sk\u00e4l f\u00f6r att f\u00f6ra registret och regelbundna datak\u00e4llor<\/h5>\n\n<p>Hantering av relationer, uthyrning av boende och \u00f6vervakning av betalningar<\/p>\n\n<h5 class=\"wp-block-heading\">Information som ing\u00e5r i registret<\/h5>\n\n<p>Personregistret inneh\u00e5ller f\u00f6ljande uppgifter: f\u00f6r- och efternamn, e-postadress, postadress, telefonnummer, uppgifter om genomf\u00f6rda uthyrningar och kontakter samt faktureringsuppgifter.<\/p>\n\n<h5 class=\"wp-block-heading\">Utl\u00e4mnande av information<\/h5>\n\n<p>Uppgifterna i registret kommer inte att l\u00e4mnas ut till tredje part.<\/p>\n\n<h5 class=\"wp-block-heading\">Datak\u00e4llor<\/h5>\n\n<p>Kundinformation erh\u00e5lls fr\u00e5n bokningssystemet, kontaktf\u00f6rfr\u00e5gningar, bokningsf\u00f6rfr\u00e5gningar samt uthyrning och fakturering.<\/p>\n\n<h5 class=\"wp-block-heading\">Principer f\u00f6r skydd av registret<\/h5>\n\n<p>Uppgifterna, behandlingen av dem och l\u00e4mpliga utl\u00e4mnanden skyddas av anv\u00e4ndarnamn, l\u00f6senord, krypterade anslutningar och andra tekniska och administrativa s\u00e4kerhets\u00e5tg\u00e4rder.<\/p>\n\n<h5 class=\"wp-block-heading\">Granskningsr\u00e4tt och r\u00e4ttelse av felaktiga uppgifter<\/h5>\n\n<p>I enlighet med avsnitt 26 i personuppgiftslagen har den registrerade r\u00e4tt att inspektera de uppgifter som r\u00f6r honom eller henne skriftligen genom att skicka en handunderskriven beg\u00e4ran om inspektion till den personuppgiftsansvarige. P\u00e5 samma s\u00e4tt kan den registrerade beg\u00e4ra r\u00e4ttelse eller uppdatering av uppgifter som r\u00f6r honom eller henne. Rekister\u00f6idyll\u00e4 on oikeus kielt\u00e4\u00e4 tietojensa k\u00e4ytt\u00e4minen suoramarkkinointiin, et\u00e4myyntiin tai mielipidetutkimuksiin. Den person som kontrollerar\/avsl\u00e5r\/beg\u00e4r r\u00e4ttelse m\u00e5ste kunna styrka sin identitet p\u00e5 ett tillf\u00f6rlitligt s\u00e4tt.<\/p>\n\n<p><strong>Vi tackar<\/strong><\/p>\n","protected":false},"excerpt":{"rendered":"<p>V\u00e4lkommen till House KastriDessa boknings- och hyresvillkor g\u00e4ller f\u00f6r de l\u00e4genheter och kurs- och utbildningslokaler som hyrs av House Kastri. KONTAKT e-mail: info@housekastri.netTel: +358405003489Postaddress: Henrik Borgstr\u00f6min tie 5 F 50, 00840 Helsinki BOKA EN L\u00c4GENHET Den l\u00e4genhet som ska bokas &hellip; <a href=\"https:\/\/housekastri.net\/sv\/hyres-och-bokningsvillkor-integritetspolicy\/\">Read More<\/a><\/p>\n","protected":false},"author":2,"featured_media":0,"parent":0,"menu_order":0,"comment_status":"closed","ping_status":"closed","template":"","meta":{"footnotes":""},"class_list":["post-5370","page","type-page","status-publish","hentry"],"_links":{"self":[{"href":"https:\/\/housekastri.net\/sv\/wp-json\/wp\/v2\/pages\/5370","targetHints":{"allow":["GET"]}}],"collection":[{"href":"https:\/\/housekastri.net\/sv\/wp-json\/wp\/v2\/pages"}],"about":[{"href":"https:\/\/housekastri.net\/sv\/wp-json\/wp\/v2\/types\/page"}],"author":[{"embeddable":true,"href":"https:\/\/housekastri.net\/sv\/wp-json\/wp\/v2\/users\/2"}],"replies":[{"embeddable":true,"href":"https:\/\/housekastri.net\/sv\/wp-json\/wp\/v2\/comments?post=5370"}],"version-history":[{"count":3,"href":"https:\/\/housekastri.net\/sv\/wp-json\/wp\/v2\/pages\/5370\/revisions"}],"predecessor-version":[{"id":5470,"href":"https:\/\/housekastri.net\/sv\/wp-json\/wp\/v2\/pages\/5370\/revisions\/5470"}],"wp:attachment":[{"href":"https:\/\/housekastri.net\/sv\/wp-json\/wp\/v2\/media?parent=5370"}],"curies":[{"name":"wp","href":"https:\/\/api.w.org\/{rel}","templated":true}]}}