{"id":5198,"date":"2022-09-02T16:12:18","date_gmt":"2022-09-02T16:12:18","guid":{"rendered":"https:\/\/housekastri.net\/uthyrningsvillkor\/"},"modified":"2025-08-19T12:55:01","modified_gmt":"2025-08-19T12:55:01","slug":"uthyrningsvillkor","status":"publish","type":"page","link":"https:\/\/housekastri.net\/sv\/uthyrningsvillkor\/","title":{"rendered":"Uthyrningsvillkor"},"content":{"rendered":"\t\t<div data-elementor-type=\"wp-page\" data-elementor-id=\"5198\" class=\"elementor elementor-5198 elementor-1721\">\n\t\t\t\t\t\t<section class=\"elementor-section elementor-top-section elementor-element elementor-element-8bfbe34 elementor-section-boxed elementor-section-height-default elementor-section-height-default\" data-id=\"8bfbe34\" data-element_type=\"section\">\n\t\t\t\t\t\t<div class=\"elementor-container elementor-column-gap-default\">\n\t\t\t\t\t<div class=\"elementor-column elementor-col-100 elementor-top-column elementor-element elementor-element-c8634d6\" data-id=\"c8634d6\" data-element_type=\"column\">\n\t\t\t<div class=\"elementor-widget-wrap elementor-element-populated\">\n\t\t\t\t\t\t<div class=\"elementor-element elementor-element-123d64a elementor-widget elementor-widget-text-editor\" data-id=\"123d64a\" data-element_type=\"widget\" data-widget_type=\"text-editor.default\">\n\t\t\t\t<div class=\"elementor-widget-container\">\n\t\t\t<style>\/*! elementor - v3.23.0 - 05-08-2024 *\/\n.elementor-widget-text-editor.elementor-drop-cap-view-stacked .elementor-drop-cap{background-color:#69727d;color:#fff}.elementor-widget-text-editor.elementor-drop-cap-view-framed .elementor-drop-cap{color:#69727d;border:3px solid;background-color:transparent}.elementor-widget-text-editor:not(.elementor-drop-cap-view-default) .elementor-drop-cap{margin-top:8px}.elementor-widget-text-editor:not(.elementor-drop-cap-view-default) .elementor-drop-cap-letter{width:1em;height:1em}.elementor-widget-text-editor .elementor-drop-cap{float:left;text-align:center;line-height:1;font-size:50px}.elementor-widget-text-editor .elementor-drop-cap-letter{display:inline-block}<\/style>\t\t\t\t<p><\/p>\n<p>V\u00e4lkommen till House Kastri<br>Dessa boknings- och hyresvillkor g\u00e4ller f\u00f6r de l\u00e4genheter och kurs- och utbildningslokaler som hyrs av House Kastri.<\/p>\n<h5>KONTAKT<\/h5>\n<p>e-mail: info@housekastri.net<br>Tel: +358405003489<br>Postaddress: Henrik Borgstr\u00f6min tie 5 F 50, 00840 Helsinki<\/p>\n<h5>BOKA EN L\u00c4GENHET<\/h5>\n<p>Den l\u00e4genhet som ska bokas v\u00e4ljs p\u00e5 webbplatsen genom att l\u00e4gga den i din kundvagn. Bokningen bekr\u00e4tas genom att betala f\u00f6r inneh\u00e5llet i kundvagnen<br>i kassafunktionen i en onlinebutik. Genom att g\u00f6ra en bokning accepterar du dessa villkor och priset f\u00f6r uthyrningen. Om en e-postadress anges vid bokningstillf\u00e4llet kommer ett bekr\u00e4ftelsemeddelande att skickas till denna address. I bokningsbekr\u00e4ftelsen visas den bokade l\u00e4genheten och priset.<\/p>\n<h5>BETALNING<\/h5>\n<p>Betalningsleverant\u00f6ren f\u00f6r e-handeln \u00e4r Visma Pay (Visma Payments Oy, FO-nummer 2486559-4), som \u00e4r registrerat i Finansinspektionens register \u00f6ver betalningsinstitut. Betalningen sker via webbtj\u00e4nsten Visma Pay och p\u00e5 kontoutdraget och fakturan anges Visma Pay eller Visma Payments Oy som betalningsmottagare. Visma Pay f\u00f6rmedlar betalningar till e-handlaren. Betalningen \u00e4r s\u00e4ker eftersom all transaktionsinformation \u00f6verf\u00f6rs via en krypterad anslutning s\u00e5 att ingen tredje part kan se transaktionsuppgifterna.<\/p>\n<p>Kontraktet best\u00e5r mellan kunden och web-butiken Onlinebutiken ansvarar f\u00f6r alla skyldigheter i samband med transaktionen.<\/p>\n<p>L\u00e4s mer om Visma Pay: https:\/\/www.visma.fi\/vismapay\/<\/p>\n<h5>AVGIFTER<\/h5>\n<p>Genom Visma Pay kan du betala med e-legitimation, pl\u00e5nbok, betalkort (kredit\/bet), faktura eller delbetalning.<br>F\u00f6ljande betalningss\u00e4tt \u00e4r tillg\u00e4ngliga: Osuuspankki, Nordea, Danske Bank, Oma S\u00e4\u00e4st\u00f6pankki, S\u00e4\u00e4st\u00f6pankki, Aktia, Lokala andelsbanker, S-Pankki, Handelsbanken, \u00c5landsbanken, MobilePay, Masterpass, Pivo, Visa, Visa Debit, Visa Electron, MasterCard och Debit MasterCard-kort samt Flexo, Fellow Invoice och Fellow Business Invoice.<\/p>\n<p>MobilePay: du kan betala med din MobilePay-pl\u00e5nbok om du har aktiverat onlinebetalningar i appens inst\u00e4llningar. Betalningar som g\u00f6rs med en MobilePay-pl\u00e5nbok debiteras det betalkort som \u00e4r kopplat till pl\u00e5nboken. Om debiteringen fr\u00e5n betalkortet misslyckas \u00e4r det inte m\u00f6jligt att betala med en MobilePay-pl\u00e5nbok i onlinebutiken.<\/p>\n<p>Pivo: Anv\u00e4ndarvillkoren finns tillg\u00e4ngliga p\u00e5 Pivos webbplats: https:\/\/pivo.fi\/kayttoehdot\/pivon-kayttoehdot\/<\/p>\n<p>Flexibel faktura och delbetalning \u00e4r en inhemsk tj\u00e4nst som g\u00f6r att du kan g\u00f6ra dina ink\u00f6p snabbt och s\u00e4kert. Flexibiliteten \u00e4r avsedd f\u00f6r personer som har sk\u00f6tt sin ekonomi p\u00e5 ett bra s\u00e4tt. Flexibilitet ger dig 30 dagar r\u00e4ntefritt och kostnadsfritt. N\u00e4r du har f\u00e5tt fakturan kan du v\u00e4lja om du vill betala den i sin helhet eller genom delbetalningar. Med delbetalning kan du betala dina ink\u00f6p i upp till 36 delbetalningar, fr\u00e5n 9,90 euro\/m\u00e5nad. Kostnaden f\u00f6r Flexibility avbetalningsplan \u00e4r 3,90 EUR\/m\u00e5nad och r\u00e4ntesatsen \u00e4r 19,90%. Du kan anv\u00e4nda Jousto f\u00f6r att betala ink\u00f6p p\u00e5 mellan 30 och 3 000 euro. L\u00e5ngivare \u00e4r Aurajoki Nordic Oy. L\u00e4s mer om Flexibilitet p\u00e5 www.jousto.com.<\/p>\n<p>OP-faktura &#8211; Ett smidigt s\u00e4tt att betala f\u00f6r ink\u00f6p p\u00e5 n\u00e4tet, till kunder i alla banker. Med OP Faktura kan du g\u00f6ra ink\u00f6p p\u00e5 upp till 5 000 euro och betala dem r\u00e4ntefritt inom 45 dagar. Om du vill kan du dela upp fakturan i flera delbetalningar. Dina ink\u00f6p visas p\u00e5 ett st\u00e4lle, s\u00e5 det \u00e4r l\u00e4tt att h\u00e5lla reda p\u00e5 hur dina pengar anv\u00e4nds. Med en kreditlimit kan du h\u00e5lla din konsumtion inom de gr\u00e4nser du vill. Du f\u00e5r dina fakturor bekv\u00e4mt via e-post. I v\u00e5r n\u00e4ttj\u00e4nst kan du se uppgifter om hur du anv\u00e4nder OP-r\u00e4kningen och hur stora ink\u00f6p du har gjort. Du kan anv\u00e4nda OP Bill om du \u00e4r \u00f6ver 20 \u00e5r och har betalningsf\u00f6rm\u00e5ga, och<br>Du har dom\u00e4nnamnen f\u00f6r en finsk bank. F\u00f6r mer information om OP-fakturan, v\u00e4nligen bes\u00f6k: https:\/\/www.op.fi\/henkiloasiakkaat\/paivittaiset\/maksaminen\/op-lasku.<\/p>\n<p>Visma Payments Oy (f\u00f6retags-ID 2486559-4)<br>E-post: helpdesk@vismapay.com<br>Telefon: 09 315 42 037 (vardagar 8-16)<br>Postadress: Brahenkatu 4, 53100 Lappeenranta<\/p>\n<h3>UTHYRNINGSVILLKOR<\/h3>\n<h5>BOKNINGSBEKR\u00c4FTELSE \/ AVTAL<\/h5>\n<p>En bokningsbekr\u00e4ftelse \u00e4r ett avtal som bekr\u00e4ftar uthyrningen mellan hyresg\u00e4sten och hyresv\u00e4rden. Avtalet \u00e4r bindande och endast det antal personer som anges i bokningsbekr\u00e4ftelsen kan bo i l\u00e4genheten.<\/p>\n<h5>HUSDJUR<\/h5>\n<p>Husdjur \u00e4r inte till\u00e5tna i l\u00e4genheten.<\/p>\n<h5>R\u00d6KNING<\/h5>\n<p>R\u00f6kning \u00e4r till\u00e5tet endast utomhus. R\u00f6kning inne i bost\u00e4derna \u00e4r absolut f\u00f6rbjudet. Ifall hyresg\u00e4sten bryter mot r\u00f6kningsf\u00f6rbud enligt hyresvillkoren, \u00e4r han\/hon skyldig att ers\u00e4tta st\u00e4dningskostnader samt skada p\u00e5 m\u00f6bler eller annan l\u00f6sgods f\u00f6rorsakad av tobaksr\u00f6k . Hus\u00e4garen fastst\u00e4ller skadans storlek, som \u00e4r minst 500 euro<\/p>\n<p>Om du r\u00f6ker p\u00e5 din balkong eller i din tr\u00e4dg\u00e5rd ska du vara uppm\u00e4rksam p\u00e5 dina grannar. Om du r\u00f6ker, kom ih\u00e5g att \u00f6n \u00e4r mycket torr p\u00e5 sommaren. Cigarretterna stumpas endast p\u00e5 angivna platser. Vi har tillhandah\u00e5llit &#8221;s\u00e4kra&#8221; askkoppar f\u00f6r r\u00f6kare p\u00e5 g\u00e5rdarna och p\u00e5 vissa balkonger, s\u00e5 v\u00e4nligen anv\u00e4nd dem.<\/p>\n<h5>ST\u00c4DNING<\/h5>\n<p>L\u00e4genheterna hyrs ut i ett rent och funktionellt skick. Hyresg\u00e4sten m\u00e5ste dock h\u00e5lla bostaden ren under hyrestiden och l\u00e4mna den i ett skick som motsvarar den normala renh\u00e5llningsniv\u00e5n n\u00e4r den \u00f6verl\u00e5ts. I slutst\u00e4dningen ing\u00e5r inte diskning eller bortforsling av kundens sopor.<\/p>\n<p>T\u00f6m kylsk\u00e5pet p\u00e5 l\u00e4ttf\u00f6rd\u00e4rvliga varor n\u00e4r du \u00e5ker &#8211; slutst\u00e4dningen kan ta n\u00e5gra dagar. Av samma anledning b\u00f6r du se till att ingen smutsig disk l\u00e4mnas kvar i diskmaskinen.<\/p>\n<h5>SKADEST\u00c5NDSSKYLDIGHET<\/h5>\n<p>Hyresg\u00e4sten \u00e4r ansvarig f\u00f6r alla skador, brott eller f\u00f6rlust av varor och f\u00f6rem\u00e5l som orsakas av honom \/ henne under hyresperioden. Skador m\u00e5ste omedelbart rapporteras till kontaktpersonen. Anm\u00e4lningsskyldigheten g\u00e4ller \u00e4ven skador som inte orsakats av kunden, t.ex. r\u00f6rl\u00e4ckage, fel p\u00e5 el\/utrustning etc. Eventuella skador kommer att repareras s\u00e5 snart som m\u00f6jligt, inom rimlig tid.<\/p>\n<h5>BETALNINGSVILLKOR<\/h5>\n<p>Hyran och eventuella till\u00e4ggstj\u00e4nster betalas 28 dagar f\u00f6re ankomst. Om ankomstdatumet \u00e4r kortare betalas hyran omedelbart vid bokningstillf\u00e4llet. I veckohyran ing\u00e5r vatten, el och internet.<\/p>\n<h5>AVBOKNING AV BOKNING<\/h5>\n<p>Om bokningen avbokas 27 dagar f\u00f6re hyresperiodens b\u00f6rjan beh\u00e5ller hyresg\u00e4sten h\u00e4lften av hyresbeloppet. Om bokningen avbokas mindre \u00e4n 7 dagar f\u00f6re eller under hyresperioden kommer ingen \u00e5terbetalning att g\u00f6ras.<\/p>\n<p>Bokningsavgiften reserverar bokstavligen l\u00e4genheten. Genom att reservera en l\u00e4genhet kan \u00e4garen inte hyra ut den till en annan person under samma period. Bokningsavgiften \u00e5terbetalas inte.<\/p>\n<p>Avbokningar m\u00e5ste alltid g\u00f6ras skriftligen, via e-post till info(at)housekastri.net. Avbest\u00e4llningen anses ha skett vid den tidpunkt d\u00e5 e-postmeddelandet skickas.<\/p>\n<p>Uthyraren kommer inte att kompensera f\u00f6r &#8221;Force majeure&#8221;-situationer (avbokning p\u00e5 grund av force majeure) som p\u00e5verkar uthyrningen.<\/p>\n<h5>HYRESV\u00c4RDENS R\u00c4TT ATT AVBOKA BOKNINGEN<\/h5>\n<p>I h\u00e4ndelse av force majeure kan bokningen avbokas av uthyraren. S\u00e5dana hinder kan vara en brand, en jordb\u00e4vning eller f\u00f6rs\u00e4ljning av din bostad. Bokningen kan ocks\u00e5 avbokas av hyresv\u00e4rden om hyresvillkoren inte uppfylls eller p\u00e5 grund av obligatoriska reparationer av l\u00e4genheten. Hyresv\u00e4rden har ocks\u00e5 r\u00e4tt att avboka bokningen om det finns n\u00e5gon misstanke om oegentligheter. Om avbokningen g\u00f6rs av hyresv\u00e4rden har kunden r\u00e4tt till full \u00e5terbetalning av det betalda beloppet.<\/p>\n<h5>R\u00c4TT ATT KLAGA<\/h5>\n<p>Vid klagom\u00e5l, v\u00e4nligen kontakta oss skriftligen via e-post info(at)housekastri.net. Alla kommentarer eller klagom\u00e5l om webbplatsen m\u00e5ste behandlas omedelbart efter att orsaken till klagom\u00e5let har identifierats. Vi behandlar inte efterf\u00f6ljande klagom\u00e5l.<\/p>\n<h5>\u00d6VRIGT \/ PRAXIS AVSEENDE UTHYRNING AV L\u00c4GENHETER<\/h5>\n<p>Ankomst- och avresetider m\u00e5ste avtalas skriftligen (via e-postbekr\u00e4ftelse) i f\u00f6rv\u00e4g.<\/p>\n<p>N\u00e4r egendomen \u00f6verf\u00f6rs m\u00e5ste den motsvara inkomstsituationen n\u00e4r det g\u00e4ller l\u00f6s egendom, fastigheter och varv.<\/p>\n<p>F\u00f6r borttappade nycklar debiterar vi alltid 100 EUR. Vi debiterar 30 \u20ac f\u00f6r att \u00f6ppna d\u00f6rrar utanf\u00f6r inpasseringstiderna under dagen (kl. 08.00-20.00) och 50 \u20ac vid andra tidpunkter, plus en eventuell kostnad f\u00f6r l\u00e5ssmed vid behov.<\/p>\n<p>I \u00f6vrigt kommer l\u00e4genheterna att ha en l\u00e4genhetsbok med mer detaljerad information om l\u00e4genheten och bostadsr\u00e4ttsf\u00f6reningen, information om n\u00e4romr\u00e5det och alla n\u00f6dnummer.<\/p>\n<p><\/p>\n<p><\/p>\n<p><\/p>\n<p><\/p>\t\t\t\t\t\t<\/div>\n\t\t\t\t<\/div>\n\t\t\t\t\t<\/div>\n\t\t<\/div>\n\t\t\t\t\t<\/div>\n\t\t<\/section>\n\t\t\t\t<\/div>\n\t\t","protected":false},"excerpt":{"rendered":"<p>V\u00e4lkommen till House KastriDessa boknings- och hyresvillkor g\u00e4ller f\u00f6r de l\u00e4genheter och kurs- och utbildningslokaler som hyrs av House Kastri. KONTAKT e-mail: info@housekastri.netTel: +358405003489Postaddress: Henrik Borgstr\u00f6min tie 5 F 50, 00840 Helsinki BOKA EN L\u00c4GENHET Den l\u00e4genhet som ska bokas &hellip; <a href=\"https:\/\/housekastri.net\/sv\/uthyrningsvillkor\/\">Read More<\/a><\/p>\n","protected":false},"author":2,"featured_media":0,"parent":0,"menu_order":1,"comment_status":"closed","ping_status":"closed","template":"","meta":{"footnotes":""},"class_list":["post-5198","page","type-page","status-publish","hentry"],"_links":{"self":[{"href":"https:\/\/housekastri.net\/sv\/wp-json\/wp\/v2\/pages\/5198","targetHints":{"allow":["GET"]}}],"collection":[{"href":"https:\/\/housekastri.net\/sv\/wp-json\/wp\/v2\/pages"}],"about":[{"href":"https:\/\/housekastri.net\/sv\/wp-json\/wp\/v2\/types\/page"}],"author":[{"embeddable":true,"href":"https:\/\/housekastri.net\/sv\/wp-json\/wp\/v2\/users\/2"}],"replies":[{"embeddable":true,"href":"https:\/\/housekastri.net\/sv\/wp-json\/wp\/v2\/comments?post=5198"}],"version-history":[{"count":7,"href":"https:\/\/housekastri.net\/sv\/wp-json\/wp\/v2\/pages\/5198\/revisions"}],"predecessor-version":[{"id":5220,"href":"https:\/\/housekastri.net\/sv\/wp-json\/wp\/v2\/pages\/5198\/revisions\/5220"}],"wp:attachment":[{"href":"https:\/\/housekastri.net\/sv\/wp-json\/wp\/v2\/media?parent=5198"}],"curies":[{"name":"wp","href":"https:\/\/api.w.org\/{rel}","templated":true}]}}