{"id":5194,"date":"2021-10-18T17:01:15","date_gmt":"2021-10-18T17:01:15","guid":{"rendered":"https:\/\/housekastri.net\/sekretesspolicy\/"},"modified":"2025-08-19T12:55:00","modified_gmt":"2025-08-19T12:55:00","slug":"sekretesspolicy","status":"publish","type":"page","link":"https:\/\/housekastri.net\/sv\/sekretesspolicy\/","title":{"rendered":"Sekretesspolicy"},"content":{"rendered":"\t\t<div data-elementor-type=\"wp-page\" data-elementor-id=\"5194\" class=\"elementor elementor-5194 elementor-58\">\n\t\t\t\t\t\t<section class=\"elementor-section elementor-top-section elementor-element elementor-element-8bfbe34 elementor-section-boxed elementor-section-height-default elementor-section-height-default\" data-id=\"8bfbe34\" data-element_type=\"section\">\n\t\t\t\t\t\t<div class=\"elementor-container elementor-column-gap-default\">\n\t\t\t\t\t<div class=\"elementor-column elementor-col-100 elementor-top-column elementor-element elementor-element-c8634d6\" data-id=\"c8634d6\" data-element_type=\"column\">\n\t\t\t<div class=\"elementor-widget-wrap elementor-element-populated\">\n\t\t\t\t\t\t<div class=\"elementor-element elementor-element-123d64a elementor-widget elementor-widget-text-editor\" data-id=\"123d64a\" data-element_type=\"widget\" data-widget_type=\"text-editor.default\">\n\t\t\t\t<div class=\"elementor-widget-container\">\n\t\t\t<style>\/*! elementor - v3.23.0 - 05-08-2024 *\/\n.elementor-widget-text-editor.elementor-drop-cap-view-stacked .elementor-drop-cap{background-color:#69727d;color:#fff}.elementor-widget-text-editor.elementor-drop-cap-view-framed .elementor-drop-cap{color:#69727d;border:3px solid;background-color:transparent}.elementor-widget-text-editor:not(.elementor-drop-cap-view-default) .elementor-drop-cap{margin-top:8px}.elementor-widget-text-editor:not(.elementor-drop-cap-view-default) .elementor-drop-cap-letter{width:1em;height:1em}.elementor-widget-text-editor .elementor-drop-cap{float:left;text-align:center;line-height:1;font-size:50px}.elementor-widget-text-editor .elementor-drop-cap-letter{display:inline-block}<\/style>\t\t\t\t<p><\/p>\n<h4>REGISTERBESKRIVNING<\/h4>\n<p><\/p>\n<p>Registerbeskrivning i enlighet med 10 och 24 \u00a7 i personuppgiftslagen (523\/1999) och EU:s allm\u00e4nna dataskyddsf\u00f6rordning.<\/p>\n<p>Styrenhet<br>Hj\u00e4lp Trader Team Oy \/ housekastri.net<br>Telefon + 358 40 500 34 89<br>E-post: info(at)housekastri.net<br>Adress: Henrik Borgstr\u00f6ms v\u00e4g 5 F 50, 00840 Helsingfors<\/p>\n<p>Registrets namn: Kundregister f\u00f6r House Kastri<\/p>\n<p><\/p>\n<p><\/p>\n<h5>Sk\u00e4l f\u00f6r att f\u00f6ra registret och regelbundna datak\u00e4llor<\/h5>\n<p><\/p>\n<p>Hantering av relationer, uthyrning av boende och \u00f6vervakning av betalningar<\/p>\n<p><\/p>\n<p><\/p>\n<h5>Information som ing\u00e5r i registret<\/h5>\n<p><\/p>\n<p>Personregistret inneh\u00e5ller f\u00f6ljande uppgifter: f\u00f6r- och efternamn, e-postadress, postadress, telefonnummer, uppgifter om genomf\u00f6rda uthyrningar och kontakter samt faktureringsuppgifter.<\/p>\n<p><\/p>\n<h5>Utl\u00e4mnande av information<\/h5>\n<p><\/p>\n<p>Uppgifterna i registret kommer inte att l\u00e4mnas ut till tredje part.<\/p>\n<h5>Datak\u00e4llor<\/h5>\n<p>Kundinformation erh\u00e5lls fr\u00e5n bokningssystemet, kontaktf\u00f6rfr\u00e5gningar, bokningsf\u00f6rfr\u00e5gningar samt uthyrning och fakturering.<\/p>\n<h5>Principer f\u00f6r skydd av registret<\/h5>\n<p><\/p>\n<p>Uppgifterna, behandlingen av dem och l\u00e4mpliga utl\u00e4mnanden skyddas av anv\u00e4ndarnamn, l\u00f6senord, krypterade anslutningar och andra tekniska och administrativa s\u00e4kerhets\u00e5tg\u00e4rder.<\/p>\n<h5>Granskningsr\u00e4tt och r\u00e4ttelse av felaktiga uppgifter<\/h5>\n<p><\/p>\n<p>I enlighet med avsnitt 26 i personuppgiftslagen har den registrerade r\u00e4tt att inspektera de uppgifter som r\u00f6r honom eller henne skriftligen genom att skicka en handunderskriven beg\u00e4ran om inspektion till den personuppgiftsansvarige. P\u00e5 samma s\u00e4tt kan den registrerade beg\u00e4ra r\u00e4ttelse eller uppdatering av uppgifter som r\u00f6r honom eller henne. Rekister\u00f6idyll\u00e4 on oikeus kielt\u00e4\u00e4 tietojensa k\u00e4ytt\u00e4minen suoramarkkinointiin, et\u00e4myyntiin tai mielipidetutkimuksiin. Den person som kontrollerar\/avsl\u00e5r\/beg\u00e4r r\u00e4ttelse m\u00e5ste kunna styrka sin identitet p\u00e5 ett tillf\u00f6rlitligt s\u00e4tt.<\/p>\n<p><\/p>\n<p><strong>Vi tackar<\/strong><\/p>\n<p><\/p>\t\t\t\t\t\t<\/div>\n\t\t\t\t<\/div>\n\t\t\t\t\t<\/div>\n\t\t<\/div>\n\t\t\t\t\t<\/div>\n\t\t<\/section>\n\t\t\t\t<\/div>\n\t\t","protected":false},"excerpt":{"rendered":"<p>REGISTERBESKRIVNING Registerbeskrivning i enlighet med 10 och 24 \u00a7 i personuppgiftslagen (523\/1999) och EU:s allm\u00e4nna dataskyddsf\u00f6rordning. StyrenhetHj\u00e4lp Trader Team Oy \/ housekastri.netTelefon + 358 40 500 34 89E-post: info(at)housekastri.netAdress: Henrik Borgstr\u00f6ms v\u00e4g 5 F 50, 00840 Helsingfors Registrets namn: Kundregister &hellip; <a href=\"https:\/\/housekastri.net\/sv\/sekretesspolicy\/\">Read More<\/a><\/p>\n","protected":false},"author":1,"featured_media":0,"parent":0,"menu_order":1,"comment_status":"closed","ping_status":"closed","template":"","meta":{"footnotes":""},"class_list":["post-5194","page","type-page","status-publish","hentry"],"_links":{"self":[{"href":"https:\/\/housekastri.net\/sv\/wp-json\/wp\/v2\/pages\/5194","targetHints":{"allow":["GET"]}}],"collection":[{"href":"https:\/\/housekastri.net\/sv\/wp-json\/wp\/v2\/pages"}],"about":[{"href":"https:\/\/housekastri.net\/sv\/wp-json\/wp\/v2\/types\/page"}],"author":[{"embeddable":true,"href":"https:\/\/housekastri.net\/sv\/wp-json\/wp\/v2\/users\/1"}],"replies":[{"embeddable":true,"href":"https:\/\/housekastri.net\/sv\/wp-json\/wp\/v2\/comments?post=5194"}],"version-history":[{"count":10,"href":"https:\/\/housekastri.net\/sv\/wp-json\/wp\/v2\/pages\/5194\/revisions"}],"predecessor-version":[{"id":5376,"href":"https:\/\/housekastri.net\/sv\/wp-json\/wp\/v2\/pages\/5194\/revisions\/5376"}],"wp:attachment":[{"href":"https:\/\/housekastri.net\/sv\/wp-json\/wp\/v2\/media?parent=5194"}],"curies":[{"name":"wp","href":"https:\/\/api.w.org\/{rel}","templated":true}]}}