{"id":5235,"date":"2022-09-02T16:12:18","date_gmt":"2022-09-02T16:12:18","guid":{"rendered":"https:\/\/housekastri.net\/rental-conditions\/"},"modified":"2024-01-21T11:08:42","modified_gmt":"2024-01-21T11:08:42","slug":"rental-conditions","status":"publish","type":"page","link":"https:\/\/housekastri.net\/en\/rental-conditions\/","title":{"rendered":"Rental conditions"},"content":{"rendered":"\t\t<div data-elementor-type=\"wp-page\" data-elementor-id=\"5235\" class=\"elementor elementor-5235 elementor-1721\">\n\t\t\t\t\t\t<section class=\"elementor-section elementor-top-section elementor-element elementor-element-8bfbe34 elementor-section-boxed elementor-section-height-default elementor-section-height-default\" data-id=\"8bfbe34\" data-element_type=\"section\">\n\t\t\t\t\t\t<div class=\"elementor-container elementor-column-gap-default\">\n\t\t\t\t\t<div class=\"elementor-column elementor-col-100 elementor-top-column elementor-element elementor-element-c8634d6\" data-id=\"c8634d6\" data-element_type=\"column\">\n\t\t\t<div class=\"elementor-widget-wrap elementor-element-populated\">\n\t\t\t\t\t\t<div class=\"elementor-element elementor-element-123d64a elementor-widget elementor-widget-text-editor\" data-id=\"123d64a\" data-element_type=\"widget\" data-widget_type=\"text-editor.default\">\n\t\t\t\t<div class=\"elementor-widget-container\">\n\t\t\t<style>\/*! elementor - v3.23.0 - 05-08-2024 *\/\n.elementor-widget-text-editor.elementor-drop-cap-view-stacked .elementor-drop-cap{background-color:#69727d;color:#fff}.elementor-widget-text-editor.elementor-drop-cap-view-framed .elementor-drop-cap{color:#69727d;border:3px solid;background-color:transparent}.elementor-widget-text-editor:not(.elementor-drop-cap-view-default) .elementor-drop-cap{margin-top:8px}.elementor-widget-text-editor:not(.elementor-drop-cap-view-default) .elementor-drop-cap-letter{width:1em;height:1em}.elementor-widget-text-editor .elementor-drop-cap{float:left;text-align:center;line-height:1;font-size:50px}.elementor-widget-text-editor .elementor-drop-cap-letter{display:inline-block}<\/style>\t\t\t\t<p><\/p>\n<p>Welcome to House Kastri<br>These booking and rental conditions apply to the apartments and course and training facilities rented by House Kastri.<\/p>\n<h5>CONTACT<\/h5>\n<p>Email: info@housekastri.net<br>Telephone: +358405003489<br>Postal address: Henrik Borgstr\u00f6m road 5 F 50, 00840 Helsinki<\/p>\n<h5>BOOKING AN APARTMENT<\/h5>\n<p>The apartment to be booked is selected on the website by adding it to your shopping cart. The booking is sent by paying for the contents of the shopping cart<br>in the checkout function of an online store. By making a reservation, you accept these terms and conditions and the price of the rental. If an e-mail address is provided at the time of booking, a confirmation e-mail will be sent. The booking confirmation will show the apartment booked and the price.<\/p>\n<h5>PAYMENT<\/h5>\n<p>The e-commerce payment provider is Visma Pay (Visma Payments Oy, business ID 2486559-4), which is registered in the register of payment institutions maintained by the Financial Supervisory Authority. Payment is made via the Visma Pay online service and the statement and invoice will show Visma Pay or Visma Payments Oy as the beneficiary of the payment. Visma Pay forwards payments to the online merchant. Payment is secure as all transaction information is transmitted over an encrypted connection so that no third party can see the transaction details.<\/p>\n<p>A transaction is created between an e-commerce customer and an online shop. The online shop is responsible for all obligations related to the transaction.<\/p>\n<p>Read more about Visma Pay: https:\/\/www.visma.fi\/vismapay\/<\/p>\n<h5>PAYMENT METHODS<\/h5>\n<p>Through Visma Pay, you can pay with your online banking ID, wallet, payment cards (credit\/debit), invoice or instalment.<br>The following payment methods are available: Osuuspankki, Nordea, Danske Bank, Oma S\u00e4\u00e4st\u00f6pankki, S\u00e4\u00e4st\u00f6pankki, Aktia, Local cooperative banks, S-Pankki, Handelsbanken, \u00c5landsbanken, MobilePay, Masterpass, Pivo, Visa, Visa Debit, Visa Electron, MasterCard and Debit MasterCard cards, as well as Flexo, Fellow Invoice and Fellow Business Invoice.<\/p>\n<p>MobilePay: you can pay with your MobilePay wallet if you have enabled online payments in the app settings. Payments made with a MobilePay wallet will be charged to the payment card linked to the wallet. If the debit from the payment card fails, it is not possible to pay with a MobilePay wallet in the online shop.<\/p>\n<p>Pivo: Terms of use are available on the Pivo website: https:\/\/pivo.fi\/kayttoehdot\/pivon-kayttoehdot\/<\/p>\n<p>Flexible bill and instalment is a domestic service that lets you make your purchases quickly and securely. The flexibility is intended for individuals who have managed their finances properly. Flexibility gives you 30 days interest-free and free of charge. Once you receive the invoice, you can decide whether to pay it in full or in instalments. With instalments, you can pay for your purchases in up to 36 instalments, starting from \u20ac9.90\/month. The cost of the Flexibility instalment plan is 3,90 EUR\/month and the interest rate is 19,90%. You can use Jousto to pay for purchases between \u20ac30 and \u20ac3000. The lender is Aurajoki Nordic Oy. Read more about Flexibility at www.jousto.com.<\/p>\n<p>OP Invoice &#8211; A flexible way to pay for online purchases. For customers of all banks. With OP Invoice you can make purchases up to 5 000 euros and pay them off interest-free within 45 days. If you wish, you can split the invoice into several instalments. Your purchase is shown in one spot enabling easy management of expenses. With a credit limit, you can keep your consumption within the limits you want. You will receive your invoices conveniently by email. On our online service, you can see information about your OP Bill usage and the amount of purchases you have made. You can use the OP Bill if you are over 20 years old and able to pay, and<br>you have domain names of a Finnish bank. For more information on the OP Invoice, please visit: https:\/\/www.op.fi\/henkiloasiakkaat\/paivittaiset\/maksaminen\/op-lasku.<\/p>\n<p>Visma Payments Oy (business ID 2486559-4)<br>Email: helpdesk@vismapay.com<br>Puhelin: 09 315 42 037 (arkisin klo 8-16)<br>Postal address: Brahenkatu 4, 53100 Lappeenranta<\/p>\n<h3>RENTAL TERMS<\/h3>\n<h5>BOOKING CONFIRMATION \/ CONTRACT<\/h5>\n<p>A booking confirmation is a contract that confirms the rental between the tenant and the landlord. The contract is binding and only the number of persons stated in the booking confirmation can stay in the apartment.<\/p>\n<h5>PETS<\/h5>\n<p>Pets are not allowed in the apartment.<\/p>\n<h5>SMOKING<\/h5>\n<p>Smoking is only allowed outdoors. Smoking inside is strictly prohibited. If the tenant violates the smoking rule mentioned in the rental conditions, he\/she is obliged to pay for the cleaning costs and any damage to furniture or other movable property or odours caused by the violation. The homeowner determines the amount of the damage, which is at least 500 euros<\/p>\n<p>If You smoke on the balcony, please consider other people around you. If you smoke, remember that the island is very dry in summer. Ashes are shed and cigarettes are only stubbed in their designated places. We have provided &#8220;safe&#8221; ashtrays for smokers in the yards and on some balconies, so please use them.<\/p>\n<h5>CLEANING<\/h5>\n<p>The apartments are rented out in a clean and functional condition. However, the tenant must keep the dwelling clean during the tenancy and leave it in a condition equivalent to the normal level of cleanliness when it is handed over. The final cleaning does not include the washing up of dishes or the removal of the client&#8217;s rubbish.<\/p>\n<p>When you leave, empty the fridge of perishable products &#8211; the final cleaning can take a few days. For the same reason, make sure that no dirty dishes are left in the dishwasher.<\/p>\n<h5>LIABILITY FOR DAMAGES<\/h5>\n<p>The tenant is responsible for any damage, breakage or loss of goods &amp; objects caused by him\/her during the rental period. Damage must be reported immediately to the contact person. The obligation to notify also applies to damage not caused by the customer, e.g. pipe leakage, electrical\/equipment failure, etc. Any damage will be repaired as soon as possible, within a reasonable time.<\/p>\n<h5>TERMS AND CONDITIONS OF PAYMENT<\/h5>\n<p>The rent and any additional services are payable 28 days before arrival. If the timespan to your arrival date is shorter, the rental fee is to be paid immediately upon reservation. The weekly rent includes water, electricity and internet.<\/p>\n<h5>CANCELLATION OF RESERVATION<\/h5>\n<p>If the reservation is cancelled 27 days before the start of the rental period, the tenant will retain half of the rental amount. If the booking is cancelled less than 7 days before or during the rental period, no refund will be made.<\/p>\n<p>The booking fee literally reserves the apartment. By reserving an apartment, the owner cannot rent it to another person for the same period. The booking fee is non-refundable.<\/p>\n<p>Cancellations must always be made in writing, by email to info(at)housekastri.net. The cancellation is deemed to have occurred at the moment the email is sent.<\/p>\n<p>The lessor will not compensate for &#8220;Force majeure&#8221; situations (cancellation due to force majeure) affecting the rental.<\/p>\n<h5>THE LANDLORD&#8217;S RIGHT TO CANCEL THE BOOKING<\/h5>\n<p>In case of force majeure, the booking may be cancelled by the landlord. Such obstacles include a fire, an earthquake or the sale of your home. The reservation can also be cancelled by the landlord if the rental conditions are not met or due to compulsory repairs to the apartment. The landlord also has the right to cancel the booking if there is any suspicion of irregularities. If the cancellation is made by the landlord, the customer is entitled to a full refund of the amount paid.<\/p>\n<h5>RIGHT TO COMPLAIN<\/h5>\n<p>In case of complaint, please contact us in writing by e-mail info(at)housekastri.net. Any comments or complaints about the site must be addressed promptly after the cause of the complaint has been identified. We do not deal with subsequent complaints.<\/p>\n<h5>OTHER \/ PRACTICES REGARDING THE RENTAL OF APARTMENTS<\/h5>\n<p>Arrival and departure times must be agreed in writing (by e-mail confirmation) in advance.<\/p>\n<p>When the property is transferred, it must correspond to the income situation in terms of movable property, real estate and yard.<\/p>\n<p>For lost keys, we always charge EUR 100. We charge \u20ac30 for opening doors outside the entry hours during the day (8am-8pm) and \u20ac50 at other times, plus a possible locksmith charge if necessary.<\/p>\n<p>For easy reference, the apartments will have an apartment booklet with more detailed information about the apartment and the building society, information about the surrounding area and all emergency numbers.<\/p>\n<p><\/p>\n<p><\/p>\n<p><\/p>\n<p><\/p>\t\t\t\t\t\t<\/div>\n\t\t\t\t<\/div>\n\t\t\t\t\t<\/div>\n\t\t<\/div>\n\t\t\t\t\t<\/div>\n\t\t<\/section>\n\t\t\t\t<\/div>\n\t\t","protected":false},"excerpt":{"rendered":"<p>Welcome to House KastriThese booking and rental conditions apply to the apartments and course and training facilities rented by House Kastri. CONTACT Email: info@housekastri.netTelephone: +358405003489Postal address: Henrik Borgstr\u00f6m road 5 F 50, 00840 Helsinki BOOKING AN APARTMENT The apartment to &hellip; <a href=\"https:\/\/housekastri.net\/en\/rental-conditions\/\">Read More<\/a><\/p>\n","protected":false},"author":2,"featured_media":0,"parent":0,"menu_order":1,"comment_status":"closed","ping_status":"closed","template":"","meta":{"footnotes":""},"class_list":["post-5235","page","type-page","status-publish","hentry"],"_links":{"self":[{"href":"https:\/\/housekastri.net\/en\/wp-json\/wp\/v2\/pages\/5235","targetHints":{"allow":["GET"]}}],"collection":[{"href":"https:\/\/housekastri.net\/en\/wp-json\/wp\/v2\/pages"}],"about":[{"href":"https:\/\/housekastri.net\/en\/wp-json\/wp\/v2\/types\/page"}],"author":[{"embeddable":true,"href":"https:\/\/housekastri.net\/en\/wp-json\/wp\/v2\/users\/2"}],"replies":[{"embeddable":true,"href":"https:\/\/housekastri.net\/en\/wp-json\/wp\/v2\/comments?post=5235"}],"version-history":[{"count":11,"href":"https:\/\/housekastri.net\/en\/wp-json\/wp\/v2\/pages\/5235\/revisions"}],"predecessor-version":[{"id":5631,"href":"https:\/\/housekastri.net\/en\/wp-json\/wp\/v2\/pages\/5235\/revisions\/5631"}],"wp:attachment":[{"href":"https:\/\/housekastri.net\/en\/wp-json\/wp\/v2\/media?parent=5235"}],"curies":[{"name":"wp","href":"https:\/\/api.w.org\/{rel}","templated":true}]}}